{"id":2152,"date":"2022-09-04T18:55:52","date_gmt":"2022-09-04T18:55:52","guid":{"rendered":"https:\/\/service.apak-group.com\/umweltpolitik\/"},"modified":"2023-10-31T04:11:38","modified_gmt":"2023-10-31T04:11:38","slug":"umweltpolitik","status":"publish","type":"page","link":"https:\/\/service.apak-group.com\/de\/umweltpolitik\/","title":{"rendered":"Umweltpolitik"},"content":{"rendered":"\t\t<div data-elementor-type=\"wp-page\" data-elementor-id=\"2152\" class=\"elementor elementor-2152 elementor-236\" data-elementor-post-type=\"page\">\n\t\t\t\t\t\t\t\t\t<section class=\"elementor-section elementor-top-section elementor-element elementor-element-4702564 elementor-section-full_width elementor-section-stretched elementor-section-height-default elementor-section-height-default\" data-id=\"4702564\" data-element_type=\"section\" data-settings=\"{&quot;stretch_section&quot;:&quot;section-stretched&quot;,&quot;background_background&quot;:&quot;classic&quot;}\">\n\t\t\t\t\t\t<div class=\"elementor-container elementor-column-gap-wider\">\n\t\t\t\t\t<div class=\"elementor-column elementor-col-100 elementor-top-column elementor-element elementor-element-c75ba39\" data-id=\"c75ba39\" data-element_type=\"column\" data-settings=\"{&quot;background_background&quot;:&quot;classic&quot;}\" data-e-bg-lazyload=\".elementor-element-populated\">\n\t\t\t<div class=\"elementor-widget-wrap elementor-element-populated\">\n\t\t\t\t\t\t\t\t<section class=\"elementor-section elementor-inner-section elementor-element elementor-element-470f618 elementor-section-boxed elementor-section-height-default elementor-section-height-default\" data-id=\"470f618\" data-element_type=\"section\">\n\t\t\t\t\t\t<div class=\"elementor-container elementor-column-gap-default\">\n\t\t\t\t\t<div class=\"elementor-column elementor-col-100 elementor-inner-column elementor-element elementor-element-ebd4ded\" data-id=\"ebd4ded\" data-element_type=\"column\">\n\t\t\t<div class=\"elementor-widget-wrap elementor-element-populated\">\n\t\t\t\t\t\t\t\t<div class=\"elementor-element elementor-element-4a02f9c elementor-widget elementor-widget-heading\" data-id=\"4a02f9c\" data-element_type=\"widget\" data-widget_type=\"heading.default\">\n\t\t\t\t<div class=\"elementor-widget-container\">\n\t\t\t<style>\/*! elementor - v3.17.0 - 01-11-2023 *\/\n.elementor-heading-title{padding:0;margin:0;line-height:1}.elementor-widget-heading .elementor-heading-title[class*=elementor-size-]>a{color:inherit;font-size:inherit;line-height:inherit}.elementor-widget-heading .elementor-heading-title.elementor-size-small{font-size:15px}.elementor-widget-heading .elementor-heading-title.elementor-size-medium{font-size:19px}.elementor-widget-heading .elementor-heading-title.elementor-size-large{font-size:29px}.elementor-widget-heading .elementor-heading-title.elementor-size-xl{font-size:39px}.elementor-widget-heading .elementor-heading-title.elementor-size-xxl{font-size:59px}<\/style><h5 class=\"elementor-heading-title elementor-size-default\">Unternehmen<\/h5>\t\t<\/div>\n\t\t\t\t<\/div>\n\t\t\t\t<div class=\"elementor-element elementor-element-b08ddc2 elementor-widget elementor-widget-heading\" data-id=\"b08ddc2\" data-element_type=\"widget\" data-widget_type=\"heading.default\">\n\t\t\t\t<div class=\"elementor-widget-container\">\n\t\t\t<h2 class=\"elementor-heading-title elementor-size-default\">Umweltpolitik<\/h2>\t\t<\/div>\n\t\t\t\t<\/div>\n\t\t\t\t\t<\/div>\n\t\t<\/div>\n\t\t\t\t\t\t\t<\/div>\n\t\t<\/section>\n\t\t\t\t\t<\/div>\n\t\t<\/div>\n\t\t\t\t\t\t\t<\/div>\n\t\t<\/section>\n\t\t\t\t<section class=\"elementor-section elementor-top-section elementor-element elementor-element-3d92776 elementor-section-stretched elementor-section-boxed elementor-section-height-default elementor-section-height-default\" data-id=\"3d92776\" data-element_type=\"section\" data-settings=\"{&quot;stretch_section&quot;:&quot;section-stretched&quot;}\">\n\t\t\t\t\t\t<div class=\"elementor-container elementor-column-gap-wider\">\n\t\t\t\t\t<div class=\"elementor-column elementor-col-100 elementor-top-column elementor-element elementor-element-2f649eb\" data-id=\"2f649eb\" data-element_type=\"column\">\n\t\t\t<div class=\"elementor-widget-wrap elementor-element-populated\">\n\t\t\t\t\t\t\t\t<section class=\"elementor-section elementor-inner-section elementor-element elementor-element-86ef1d2 elementor-section-boxed elementor-section-height-default elementor-section-height-default\" data-id=\"86ef1d2\" data-element_type=\"section\">\n\t\t\t\t\t\t<div class=\"elementor-container elementor-column-gap-default\">\n\t\t\t\t\t<div class=\"elementor-column elementor-col-50 elementor-inner-column elementor-element elementor-element-00640d5\" data-id=\"00640d5\" data-element_type=\"column\">\n\t\t\t<div class=\"elementor-widget-wrap elementor-element-populated\">\n\t\t\t\t\t\t\t\t<div class=\"elementor-element elementor-element-d7287aa elementor-widget elementor-widget-heading\" data-id=\"d7287aa\" data-element_type=\"widget\" data-widget_type=\"heading.default\">\n\t\t\t\t<div class=\"elementor-widget-container\">\n\t\t\t<h3 class=\"elementor-heading-title elementor-size-default\">Einhaltung nationaler und internationaler Umweltvorschriften sowie Erf\u00fcllung unserer entsprechenden Anforderungen.<\/h3>\t\t<\/div>\n\t\t\t\t<\/div>\n\t\t\t\t<div class=\"elementor-element elementor-element-fcfbf85 elementor-widget-divider--view-line elementor-widget elementor-widget-divider\" data-id=\"fcfbf85\" data-element_type=\"widget\" data-widget_type=\"divider.default\">\n\t\t\t\t<div class=\"elementor-widget-container\">\n\t\t\t<style>\/*! elementor - v3.17.0 - 01-11-2023 *\/\n.elementor-widget-divider{--divider-border-style:none;--divider-border-width:1px;--divider-color:#0c0d0e;--divider-icon-size:20px;--divider-element-spacing:10px;--divider-pattern-height:24px;--divider-pattern-size:20px;--divider-pattern-url:none;--divider-pattern-repeat:repeat-x}.elementor-widget-divider .elementor-divider{display:flex}.elementor-widget-divider .elementor-divider__text{font-size:15px;line-height:1;max-width:95%}.elementor-widget-divider .elementor-divider__element{margin:0 var(--divider-element-spacing);flex-shrink:0}.elementor-widget-divider .elementor-icon{font-size:var(--divider-icon-size)}.elementor-widget-divider .elementor-divider-separator{display:flex;margin:0;direction:ltr}.elementor-widget-divider--view-line_icon .elementor-divider-separator,.elementor-widget-divider--view-line_text .elementor-divider-separator{align-items:center}.elementor-widget-divider--view-line_icon .elementor-divider-separator:after,.elementor-widget-divider--view-line_icon .elementor-divider-separator:before,.elementor-widget-divider--view-line_text .elementor-divider-separator:after,.elementor-widget-divider--view-line_text .elementor-divider-separator:before{display:block;content:\"\";border-bottom:0;flex-grow:1;border-top:var(--divider-border-width) var(--divider-border-style) var(--divider-color)}.elementor-widget-divider--element-align-left .elementor-divider .elementor-divider-separator>.elementor-divider__svg:first-of-type{flex-grow:0;flex-shrink:100}.elementor-widget-divider--element-align-left .elementor-divider-separator:before{content:none}.elementor-widget-divider--element-align-left .elementor-divider__element{margin-left:0}.elementor-widget-divider--element-align-right .elementor-divider .elementor-divider-separator>.elementor-divider__svg:last-of-type{flex-grow:0;flex-shrink:100}.elementor-widget-divider--element-align-right .elementor-divider-separator:after{content:none}.elementor-widget-divider--element-align-right .elementor-divider__element{margin-right:0}.elementor-widget-divider:not(.elementor-widget-divider--view-line_text):not(.elementor-widget-divider--view-line_icon) .elementor-divider-separator{border-top:var(--divider-border-width) var(--divider-border-style) var(--divider-color)}.elementor-widget-divider--separator-type-pattern{--divider-border-style:none}.elementor-widget-divider--separator-type-pattern.elementor-widget-divider--view-line .elementor-divider-separator,.elementor-widget-divider--separator-type-pattern:not(.elementor-widget-divider--view-line) .elementor-divider-separator:after,.elementor-widget-divider--separator-type-pattern:not(.elementor-widget-divider--view-line) .elementor-divider-separator:before,.elementor-widget-divider--separator-type-pattern:not([class*=elementor-widget-divider--view]) .elementor-divider-separator{width:100%;min-height:var(--divider-pattern-height);-webkit-mask-size:var(--divider-pattern-size) 100%;mask-size:var(--divider-pattern-size) 100%;-webkit-mask-repeat:var(--divider-pattern-repeat);mask-repeat:var(--divider-pattern-repeat);background-color:var(--divider-color);-webkit-mask-image:var(--divider-pattern-url);mask-image:var(--divider-pattern-url)}.elementor-widget-divider--no-spacing{--divider-pattern-size:auto}.elementor-widget-divider--bg-round{--divider-pattern-repeat:round}.rtl .elementor-widget-divider .elementor-divider__text{direction:rtl}.e-con-inner>.elementor-widget-divider,.e-con>.elementor-widget-divider{width:var(--container-widget-width,100%);--flex-grow:var(--container-widget-flex-grow)}<\/style>\t\t<div class=\"elementor-divider\">\n\t\t\t<span class=\"elementor-divider-separator\">\n\t\t\t\t\t\t<\/span>\n\t\t<\/div>\n\t\t\t\t<\/div>\n\t\t\t\t<\/div>\n\t\t\t\t\t<\/div>\n\t\t<\/div>\n\t\t\t\t<div class=\"elementor-column elementor-col-50 elementor-inner-column elementor-element elementor-element-b0c1ed3\" data-id=\"b0c1ed3\" data-element_type=\"column\">\n\t\t\t<div class=\"elementor-widget-wrap elementor-element-populated\">\n\t\t\t\t\t\t\t\t<div class=\"elementor-element elementor-element-2b51c4c elementor-widget elementor-widget-text-editor\" data-id=\"2b51c4c\" data-element_type=\"widget\" data-widget_type=\"text-editor.default\">\n\t\t\t\t<div class=\"elementor-widget-container\">\n\t\t\t<style>\/*! elementor - v3.17.0 - 01-11-2023 *\/\n.elementor-widget-text-editor.elementor-drop-cap-view-stacked .elementor-drop-cap{background-color:#69727d;color:#fff}.elementor-widget-text-editor.elementor-drop-cap-view-framed .elementor-drop-cap{color:#69727d;border:3px solid;background-color:transparent}.elementor-widget-text-editor:not(.elementor-drop-cap-view-default) .elementor-drop-cap{margin-top:8px}.elementor-widget-text-editor:not(.elementor-drop-cap-view-default) .elementor-drop-cap-letter{width:1em;height:1em}.elementor-widget-text-editor .elementor-drop-cap{float:left;text-align:center;line-height:1;font-size:50px}.elementor-widget-text-editor .elementor-drop-cap-letter{display:inline-block}<\/style>\t\t\t\t<div id=\"page_content\" class=\"page_content\" role=\"main\">\n<div class=\"row clr\">\n<section class=\"s12 clr\">\n<div class=\"cz_is_blank clr\">\n<div class=\"cz_post_content clr\">\n<div class=\"vc_row wpb_row vc_row-fluid\">\n<div class=\"wpb_column vc_column_container vc_col-sm-8\">\n<div class=\"vc_column-inner\">\n<div class=\"wpb_wrapper\">\n<div class=\"wpb_text_column wpb_content_element \">\n<div class=\"wpb_wrapper\">\n<ul>\n<li>Einhaltung der nationalen und internationalen Umweltgesetze und -vorschriften.<\/li>\n<li>Wir streben an, die anfallenden Abf\u00e4lle in unserem Betrieb von Anfang an zu reduzieren und sie optimal zu recyceln.<\/li>\n<li>Verringerung der Umweltbelastung durch die Kontrolle von anfallenden Abf\u00e4llen.<\/li>\n<li>Sicherstellung der effektiven Anwendung unseres Umweltmanagementsystems und kontinuierliche Verbesserung seiner Wirkung, w\u00e4hrend die gesetzlichen Normen eingehalten werden.<\/li>\n<li>Um Verluste zu minimieren, streben wir die h\u00f6chstm\u00f6gliche Anlageneffizienz durch den Einsatz modernster Technologie an.<\/li>\n<li>Minimierung des Verbrauchs von nat\u00fcrlichen Ressourcen als Ergebnis unserer kontinuierlichen Verbesserungsbem\u00fchungen.<\/li>\n<li>Sensibilisierung aller unserer Mitarbeiter und Ansprechpartner in verschiedenen Unternehmen und Einzelpersonen f\u00fcr den Umweltschutz.<\/li>\n<li>Kontinuierliche Verbesserung unserer Umweltleistung und Ber\u00fccksichtigung der \u00f6kologischen Auswirkungen unserer neuen Investitionen.<\/li>\n<li>F\u00f6rderung des Umweltschutzes durch die Produktion \u00f6kologisch und \u00f6konomisch nachhaltiger Produkte.<\/li>\n<li>Unterst\u00fctzung f\u00fcr die \u00dcbergabe einer sauberen und gesunden Umwelt an zuk\u00fcnftige Generationen.<\/li>\n<li>Durch das Verfolgen von technologischen Entwicklungen streben wir eine Kontrolle und Reduzierung des \u00f6kologischen Fu\u00dfabdrucks unserer Einrichtung an.<\/li>\n<li>Einbindung in Verbesserungsma\u00dfnahmen.<\/li>\n<\/ul>\n<\/div>\n<\/div>\n<\/div>\n<\/div>\n<\/div>\n<\/div>\n<\/div>\n<\/div>\n<\/section>\n<\/div>\n<\/div>\n<footer class=\"page_footer\" role=\"contentinfo\">\n<div class=\"cz_middle_footer\">\n<div class=\"row clr\"> <\/div>\n<\/div>\n<\/footer>\n\t\t\t\t\t\t<\/div>\n\t\t\t\t<\/div>\n\t\t\t\t\t<\/div>\n\t\t<\/div>\n\t\t\t\t\t\t\t<\/div>\n\t\t<\/section>\n\t\t\t\t\t<\/div>\n\t\t<\/div>\n\t\t\t\t\t\t\t<\/div>\n\t\t<\/section>\n\t\t\t\t\t\t\t<\/div>\n\t\t","protected":false},"excerpt":{"rendered":"<p>Unternehmen Umweltpolitik Einhaltung nationaler und internationaler Umweltvorschriften sowie Erf\u00fcllung unserer entsprechenden Anforderungen. Einhaltung der nationalen und internationalen Umweltgesetze und -vorschriften. Wir streben an, die anfallenden Abf\u00e4lle in unserem Betrieb von Anfang an zu reduzieren und sie optimal zu recyceln. Verringerung der Umweltbelastung durch die Kontrolle von anfallenden Abf\u00e4llen. Sicherstellung der effektiven Anwendung unseres Umweltmanagementsystems und [&hellip;]<\/p>\n","protected":false},"author":1,"featured_media":0,"parent":0,"menu_order":0,"comment_status":"closed","ping_status":"closed","template":"","meta":{"footnotes":""},"yoast_head":"<!-- This site is optimized with the Yoast SEO plugin v21.5 - https:\/\/yoast.com\/wordpress\/plugins\/seo\/ -->\n<title>Umweltpolitik | Apak Service<\/title>\n<meta name=\"robots\" content=\"index, follow, max-snippet:-1, max-image-preview:large, max-video-preview:-1\" \/>\n<link rel=\"canonical\" href=\"https:\/\/service.apak-group.com\/de\/umweltpolitik\/\" \/>\n<meta property=\"og:locale\" content=\"de_DE\" \/>\n<meta property=\"og:type\" content=\"article\" \/>\n<meta property=\"og:title\" content=\"Umweltpolitik | Apak Service\" \/>\n<meta property=\"og:description\" content=\"Unternehmen Umweltpolitik Einhaltung nationaler und internationaler Umweltvorschriften sowie Erf\u00fcllung unserer entsprechenden Anforderungen. Einhaltung der nationalen und internationalen Umweltgesetze und -vorschriften. Wir streben an, die anfallenden Abf\u00e4lle in unserem Betrieb von Anfang an zu reduzieren und sie optimal zu recyceln. Verringerung der Umweltbelastung durch die Kontrolle von anfallenden Abf\u00e4llen. Sicherstellung der effektiven Anwendung unseres Umweltmanagementsystems und [&hellip;]\" \/>\n<meta property=\"og:url\" content=\"https:\/\/service.apak-group.com\/de\/umweltpolitik\/\" \/>\n<meta property=\"og:site_name\" content=\"Apak Service\" \/>\n<meta property=\"article:modified_time\" content=\"2023-10-31T04:11:38+00:00\" \/>\n<meta name=\"twitter:card\" content=\"summary_large_image\" \/>\n<meta name=\"twitter:label1\" content=\"Gesch\u00e4tzte Lesezeit\" \/>\n\t<meta name=\"twitter:data1\" content=\"1\u00a0Minute\" \/>\n<script type=\"application\/ld+json\" class=\"yoast-schema-graph\">{\"@context\":\"https:\/\/schema.org\",\"@graph\":[{\"@type\":\"WebPage\",\"@id\":\"https:\/\/service.apak-group.com\/de\/umweltpolitik\/\",\"url\":\"https:\/\/service.apak-group.com\/de\/umweltpolitik\/\",\"name\":\"Umweltpolitik | Apak Service\",\"isPartOf\":{\"@id\":\"https:\/\/service.apak-group.com\/#website\"},\"datePublished\":\"2022-09-04T18:55:52+00:00\",\"dateModified\":\"2023-10-31T04:11:38+00:00\",\"breadcrumb\":{\"@id\":\"https:\/\/service.apak-group.com\/de\/umweltpolitik\/#breadcrumb\"},\"inLanguage\":\"de\",\"potentialAction\":[{\"@type\":\"ReadAction\",\"target\":[\"https:\/\/service.apak-group.com\/de\/umweltpolitik\/\"]}]},{\"@type\":\"BreadcrumbList\",\"@id\":\"https:\/\/service.apak-group.com\/de\/umweltpolitik\/#breadcrumb\",\"itemListElement\":[{\"@type\":\"ListItem\",\"position\":1,\"name\":\"Home\",\"item\":\"https:\/\/service.apak-group.com\/de\/homepage\/\"},{\"@type\":\"ListItem\",\"position\":2,\"name\":\"Umweltpolitik\"}]},{\"@type\":\"WebSite\",\"@id\":\"https:\/\/service.apak-group.com\/#website\",\"url\":\"https:\/\/service.apak-group.com\/\",\"name\":\"APAK GmbH\",\"description\":\"Repair and Spare Parts Services for Welding and Cutting Machines\",\"publisher\":{\"@id\":\"https:\/\/service.apak-group.com\/#organization\"},\"potentialAction\":[{\"@type\":\"SearchAction\",\"target\":{\"@type\":\"EntryPoint\",\"urlTemplate\":\"https:\/\/service.apak-group.com\/?s={search_term_string}\"},\"query-input\":\"required name=search_term_string\"}],\"inLanguage\":\"de\"},{\"@type\":\"Organization\",\"@id\":\"https:\/\/service.apak-group.com\/#organization\",\"name\":\"Apak GmbH\",\"url\":\"https:\/\/service.apak-group.com\/\",\"logo\":{\"@type\":\"ImageObject\",\"inLanguage\":\"de\",\"@id\":\"https:\/\/service.apak-group.com\/#\/schema\/logo\/image\/\",\"url\":\"https:\/\/service.apak-group.com\/wp-content\/uploads\/2022\/09\/apak-group-logo-web.png\",\"contentUrl\":\"https:\/\/service.apak-group.com\/wp-content\/uploads\/2022\/09\/apak-group-logo-web.png\",\"width\":400,\"height\":125,\"caption\":\"Apak GmbH\"},\"image\":{\"@id\":\"https:\/\/service.apak-group.com\/#\/schema\/logo\/image\/\"}}]}<\/script>\n<!-- \/ Yoast SEO plugin. -->","yoast_head_json":{"title":"Umweltpolitik | Apak Service","robots":{"index":"index","follow":"follow","max-snippet":"max-snippet:-1","max-image-preview":"max-image-preview:large","max-video-preview":"max-video-preview:-1"},"canonical":"https:\/\/service.apak-group.com\/de\/umweltpolitik\/","og_locale":"de_DE","og_type":"article","og_title":"Umweltpolitik | Apak Service","og_description":"Unternehmen Umweltpolitik Einhaltung nationaler und internationaler Umweltvorschriften sowie Erf\u00fcllung unserer entsprechenden Anforderungen. Einhaltung der nationalen und internationalen Umweltgesetze und -vorschriften. Wir streben an, die anfallenden Abf\u00e4lle in unserem Betrieb von Anfang an zu reduzieren und sie optimal zu recyceln. Verringerung der Umweltbelastung durch die Kontrolle von anfallenden Abf\u00e4llen. Sicherstellung der effektiven Anwendung unseres Umweltmanagementsystems und [&hellip;]","og_url":"https:\/\/service.apak-group.com\/de\/umweltpolitik\/","og_site_name":"Apak Service","article_modified_time":"2023-10-31T04:11:38+00:00","twitter_card":"summary_large_image","twitter_misc":{"Gesch\u00e4tzte Lesezeit":"1\u00a0Minute"},"schema":{"@context":"https:\/\/schema.org","@graph":[{"@type":"WebPage","@id":"https:\/\/service.apak-group.com\/de\/umweltpolitik\/","url":"https:\/\/service.apak-group.com\/de\/umweltpolitik\/","name":"Umweltpolitik | Apak Service","isPartOf":{"@id":"https:\/\/service.apak-group.com\/#website"},"datePublished":"2022-09-04T18:55:52+00:00","dateModified":"2023-10-31T04:11:38+00:00","breadcrumb":{"@id":"https:\/\/service.apak-group.com\/de\/umweltpolitik\/#breadcrumb"},"inLanguage":"de","potentialAction":[{"@type":"ReadAction","target":["https:\/\/service.apak-group.com\/de\/umweltpolitik\/"]}]},{"@type":"BreadcrumbList","@id":"https:\/\/service.apak-group.com\/de\/umweltpolitik\/#breadcrumb","itemListElement":[{"@type":"ListItem","position":1,"name":"Home","item":"https:\/\/service.apak-group.com\/de\/homepage\/"},{"@type":"ListItem","position":2,"name":"Umweltpolitik"}]},{"@type":"WebSite","@id":"https:\/\/service.apak-group.com\/#website","url":"https:\/\/service.apak-group.com\/","name":"APAK GmbH","description":"Repair and Spare Parts Services for Welding and Cutting Machines","publisher":{"@id":"https:\/\/service.apak-group.com\/#organization"},"potentialAction":[{"@type":"SearchAction","target":{"@type":"EntryPoint","urlTemplate":"https:\/\/service.apak-group.com\/?s={search_term_string}"},"query-input":"required name=search_term_string"}],"inLanguage":"de"},{"@type":"Organization","@id":"https:\/\/service.apak-group.com\/#organization","name":"Apak GmbH","url":"https:\/\/service.apak-group.com\/","logo":{"@type":"ImageObject","inLanguage":"de","@id":"https:\/\/service.apak-group.com\/#\/schema\/logo\/image\/","url":"https:\/\/service.apak-group.com\/wp-content\/uploads\/2022\/09\/apak-group-logo-web.png","contentUrl":"https:\/\/service.apak-group.com\/wp-content\/uploads\/2022\/09\/apak-group-logo-web.png","width":400,"height":125,"caption":"Apak GmbH"},"image":{"@id":"https:\/\/service.apak-group.com\/#\/schema\/logo\/image\/"}}]}},"_links":{"self":[{"href":"https:\/\/service.apak-group.com\/de\/wp-json\/wp\/v2\/pages\/2152"}],"collection":[{"href":"https:\/\/service.apak-group.com\/de\/wp-json\/wp\/v2\/pages"}],"about":[{"href":"https:\/\/service.apak-group.com\/de\/wp-json\/wp\/v2\/types\/page"}],"author":[{"embeddable":true,"href":"https:\/\/service.apak-group.com\/de\/wp-json\/wp\/v2\/users\/1"}],"replies":[{"embeddable":true,"href":"https:\/\/service.apak-group.com\/de\/wp-json\/wp\/v2\/comments?post=2152"}],"version-history":[{"count":1,"href":"https:\/\/service.apak-group.com\/de\/wp-json\/wp\/v2\/pages\/2152\/revisions"}],"predecessor-version":[{"id":2153,"href":"https:\/\/service.apak-group.com\/de\/wp-json\/wp\/v2\/pages\/2152\/revisions\/2153"}],"wp:attachment":[{"href":"https:\/\/service.apak-group.com\/de\/wp-json\/wp\/v2\/media?parent=2152"}],"curies":[{"name":"wp","href":"https:\/\/api.w.org\/{rel}","templated":true}]}}