{"id":2139,"date":"2022-09-04T18:50:19","date_gmt":"2022-09-04T18:50:19","guid":{"rendered":"https:\/\/service.apak-group.com\/politik-fuer-gesundheit-und-sicherheit-am-arbeitsplatz-ohs\/"},"modified":"2023-10-28T18:07:13","modified_gmt":"2023-10-28T18:07:13","slug":"politik-fuer-gesundheit-und-sicherheit-am-arbeitsplatz-ohs","status":"publish","type":"page","link":"https:\/\/service.apak-group.com\/de\/politik-fuer-gesundheit-und-sicherheit-am-arbeitsplatz-ohs\/","title":{"rendered":"Politik f\u00fcr Gesundheit und Sicherheit am Arbeitsplatz (OHS)"},"content":{"rendered":"\t\t<div data-elementor-type=\"wp-page\" data-elementor-id=\"2139\" class=\"elementor elementor-2139 elementor-219\" data-elementor-post-type=\"page\">\n\t\t\t\t\t\t\t\t\t<section class=\"elementor-section elementor-top-section elementor-element elementor-element-0246f2b elementor-section-full_width elementor-section-stretched elementor-section-height-default elementor-section-height-default\" data-id=\"0246f2b\" data-element_type=\"section\" data-settings=\"{&quot;stretch_section&quot;:&quot;section-stretched&quot;,&quot;background_background&quot;:&quot;classic&quot;}\">\n\t\t\t\t\t\t<div class=\"elementor-container elementor-column-gap-default\">\n\t\t\t\t\t<div class=\"elementor-column elementor-col-100 elementor-top-column elementor-element elementor-element-752de40\" data-id=\"752de40\" data-element_type=\"column\" data-settings=\"{&quot;background_background&quot;:&quot;classic&quot;}\" data-e-bg-lazyload=\".elementor-element-populated\">\n\t\t\t<div class=\"elementor-widget-wrap elementor-element-populated\">\n\t\t\t\t\t\t\t\t<section class=\"elementor-section elementor-inner-section elementor-element elementor-element-20d940a elementor-section-boxed elementor-section-height-default elementor-section-height-default\" data-id=\"20d940a\" data-element_type=\"section\">\n\t\t\t\t\t\t<div class=\"elementor-container elementor-column-gap-default\">\n\t\t\t\t\t<div class=\"elementor-column elementor-col-100 elementor-inner-column elementor-element elementor-element-fd1c735\" data-id=\"fd1c735\" data-element_type=\"column\">\n\t\t\t<div class=\"elementor-widget-wrap elementor-element-populated\">\n\t\t\t\t\t\t\t\t<div class=\"elementor-element elementor-element-49a44b2 elementor-widget elementor-widget-heading\" data-id=\"49a44b2\" data-element_type=\"widget\" data-widget_type=\"heading.default\">\n\t\t\t\t<div class=\"elementor-widget-container\">\n\t\t\t<style>\/*! elementor - v3.17.0 - 01-11-2023 *\/\n.elementor-heading-title{padding:0;margin:0;line-height:1}.elementor-widget-heading .elementor-heading-title[class*=elementor-size-]>a{color:inherit;font-size:inherit;line-height:inherit}.elementor-widget-heading .elementor-heading-title.elementor-size-small{font-size:15px}.elementor-widget-heading .elementor-heading-title.elementor-size-medium{font-size:19px}.elementor-widget-heading .elementor-heading-title.elementor-size-large{font-size:29px}.elementor-widget-heading .elementor-heading-title.elementor-size-xl{font-size:39px}.elementor-widget-heading .elementor-heading-title.elementor-size-xxl{font-size:59px}<\/style><h5 class=\"elementor-heading-title elementor-size-default\">Unternehmen<\/h5>\t\t<\/div>\n\t\t\t\t<\/div>\n\t\t\t\t<div class=\"elementor-element elementor-element-727fcd8 elementor-widget elementor-widget-heading\" data-id=\"727fcd8\" data-element_type=\"widget\" data-widget_type=\"heading.default\">\n\t\t\t\t<div class=\"elementor-widget-container\">\n\t\t\t<h2 class=\"elementor-heading-title elementor-size-default\">Politik f\u00fcr Gesundheit und Sicherheit am Arbeitsplatz (OHS)<\/h2>\t\t<\/div>\n\t\t\t\t<\/div>\n\t\t\t\t\t<\/div>\n\t\t<\/div>\n\t\t\t\t\t\t\t<\/div>\n\t\t<\/section>\n\t\t\t\t\t<\/div>\n\t\t<\/div>\n\t\t\t\t\t\t\t<\/div>\n\t\t<\/section>\n\t\t\t\t<section class=\"elementor-section elementor-top-section elementor-element elementor-element-c535463 elementor-section-stretched elementor-section-boxed elementor-section-height-default elementor-section-height-default\" data-id=\"c535463\" data-element_type=\"section\" data-settings=\"{&quot;stretch_section&quot;:&quot;section-stretched&quot;}\">\n\t\t\t\t\t\t<div class=\"elementor-container elementor-column-gap-wider\">\n\t\t\t\t\t<div class=\"elementor-column elementor-col-100 elementor-top-column elementor-element elementor-element-77e69bc\" data-id=\"77e69bc\" data-element_type=\"column\">\n\t\t\t<div class=\"elementor-widget-wrap elementor-element-populated\">\n\t\t\t\t\t\t\t\t<section class=\"elementor-section elementor-inner-section elementor-element elementor-element-9221444 elementor-section-boxed elementor-section-height-default elementor-section-height-default\" data-id=\"9221444\" data-element_type=\"section\">\n\t\t\t\t\t\t<div class=\"elementor-container elementor-column-gap-default\">\n\t\t\t\t\t<div class=\"elementor-column elementor-col-50 elementor-inner-column elementor-element elementor-element-e40e8e0\" data-id=\"e40e8e0\" data-element_type=\"column\">\n\t\t\t<div class=\"elementor-widget-wrap elementor-element-populated\">\n\t\t\t\t\t\t\t\t<div class=\"elementor-element elementor-element-7422980 elementor-widget elementor-widget-heading\" data-id=\"7422980\" data-element_type=\"widget\" data-widget_type=\"heading.default\">\n\t\t\t\t<div class=\"elementor-widget-container\">\n\t\t\t<h3 class=\"elementor-heading-title elementor-size-default\">Die Einhaltung s\u00e4mtlicher nationaler und internationaler Gesetze, Vorschriften und Normen hinsichtlich Arbeitssicherheit und Gesundheitsschutz am Arbeitsplatz ist unerl\u00e4sslich.<\/h3>\t\t<\/div>\n\t\t\t\t<\/div>\n\t\t\t\t<div class=\"elementor-element elementor-element-913d040 elementor-widget-divider--view-line elementor-widget elementor-widget-divider\" data-id=\"913d040\" data-element_type=\"widget\" data-widget_type=\"divider.default\">\n\t\t\t\t<div class=\"elementor-widget-container\">\n\t\t\t<style>\/*! elementor - v3.17.0 - 01-11-2023 *\/\n.elementor-widget-divider{--divider-border-style:none;--divider-border-width:1px;--divider-color:#0c0d0e;--divider-icon-size:20px;--divider-element-spacing:10px;--divider-pattern-height:24px;--divider-pattern-size:20px;--divider-pattern-url:none;--divider-pattern-repeat:repeat-x}.elementor-widget-divider .elementor-divider{display:flex}.elementor-widget-divider .elementor-divider__text{font-size:15px;line-height:1;max-width:95%}.elementor-widget-divider .elementor-divider__element{margin:0 var(--divider-element-spacing);flex-shrink:0}.elementor-widget-divider .elementor-icon{font-size:var(--divider-icon-size)}.elementor-widget-divider .elementor-divider-separator{display:flex;margin:0;direction:ltr}.elementor-widget-divider--view-line_icon .elementor-divider-separator,.elementor-widget-divider--view-line_text .elementor-divider-separator{align-items:center}.elementor-widget-divider--view-line_icon .elementor-divider-separator:after,.elementor-widget-divider--view-line_icon .elementor-divider-separator:before,.elementor-widget-divider--view-line_text .elementor-divider-separator:after,.elementor-widget-divider--view-line_text .elementor-divider-separator:before{display:block;content:\"\";border-bottom:0;flex-grow:1;border-top:var(--divider-border-width) var(--divider-border-style) var(--divider-color)}.elementor-widget-divider--element-align-left .elementor-divider .elementor-divider-separator>.elementor-divider__svg:first-of-type{flex-grow:0;flex-shrink:100}.elementor-widget-divider--element-align-left .elementor-divider-separator:before{content:none}.elementor-widget-divider--element-align-left .elementor-divider__element{margin-left:0}.elementor-widget-divider--element-align-right .elementor-divider .elementor-divider-separator>.elementor-divider__svg:last-of-type{flex-grow:0;flex-shrink:100}.elementor-widget-divider--element-align-right .elementor-divider-separator:after{content:none}.elementor-widget-divider--element-align-right .elementor-divider__element{margin-right:0}.elementor-widget-divider:not(.elementor-widget-divider--view-line_text):not(.elementor-widget-divider--view-line_icon) .elementor-divider-separator{border-top:var(--divider-border-width) var(--divider-border-style) var(--divider-color)}.elementor-widget-divider--separator-type-pattern{--divider-border-style:none}.elementor-widget-divider--separator-type-pattern.elementor-widget-divider--view-line .elementor-divider-separator,.elementor-widget-divider--separator-type-pattern:not(.elementor-widget-divider--view-line) .elementor-divider-separator:after,.elementor-widget-divider--separator-type-pattern:not(.elementor-widget-divider--view-line) .elementor-divider-separator:before,.elementor-widget-divider--separator-type-pattern:not([class*=elementor-widget-divider--view]) .elementor-divider-separator{width:100%;min-height:var(--divider-pattern-height);-webkit-mask-size:var(--divider-pattern-size) 100%;mask-size:var(--divider-pattern-size) 100%;-webkit-mask-repeat:var(--divider-pattern-repeat);mask-repeat:var(--divider-pattern-repeat);background-color:var(--divider-color);-webkit-mask-image:var(--divider-pattern-url);mask-image:var(--divider-pattern-url)}.elementor-widget-divider--no-spacing{--divider-pattern-size:auto}.elementor-widget-divider--bg-round{--divider-pattern-repeat:round}.rtl .elementor-widget-divider .elementor-divider__text{direction:rtl}.e-con-inner>.elementor-widget-divider,.e-con>.elementor-widget-divider{width:var(--container-widget-width,100%);--flex-grow:var(--container-widget-flex-grow)}<\/style>\t\t<div class=\"elementor-divider\">\n\t\t\t<span class=\"elementor-divider-separator\">\n\t\t\t\t\t\t<\/span>\n\t\t<\/div>\n\t\t\t\t<\/div>\n\t\t\t\t<\/div>\n\t\t\t\t\t<\/div>\n\t\t<\/div>\n\t\t\t\t<div class=\"elementor-column elementor-col-50 elementor-inner-column elementor-element elementor-element-f0fe162\" data-id=\"f0fe162\" data-element_type=\"column\">\n\t\t\t<div class=\"elementor-widget-wrap elementor-element-populated\">\n\t\t\t\t\t\t\t\t<div class=\"elementor-element elementor-element-b4c8bfa elementor-widget elementor-widget-text-editor\" data-id=\"b4c8bfa\" data-element_type=\"widget\" data-widget_type=\"text-editor.default\">\n\t\t\t\t<div class=\"elementor-widget-container\">\n\t\t\t<style>\/*! elementor - v3.17.0 - 01-11-2023 *\/\n.elementor-widget-text-editor.elementor-drop-cap-view-stacked .elementor-drop-cap{background-color:#69727d;color:#fff}.elementor-widget-text-editor.elementor-drop-cap-view-framed .elementor-drop-cap{color:#69727d;border:3px solid;background-color:transparent}.elementor-widget-text-editor:not(.elementor-drop-cap-view-default) .elementor-drop-cap{margin-top:8px}.elementor-widget-text-editor:not(.elementor-drop-cap-view-default) .elementor-drop-cap-letter{width:1em;height:1em}.elementor-widget-text-editor .elementor-drop-cap{float:left;text-align:center;line-height:1;font-size:50px}.elementor-widget-text-editor .elementor-drop-cap-letter{display:inline-block}<\/style>\t\t\t\t<div id=\"page_content\" class=\"page_content\" role=\"main\">\n<div class=\"row clr\">\n<section class=\"s12 clr\">\n<div class=\"cz_is_blank clr\">\n<div class=\"cz_post_content clr\">\n<div class=\"vc_row wpb_row vc_row-fluid\">\n<div class=\"wpb_column vc_column_container vc_col-sm-8\">\n<div class=\"vc_column-inner\">\n<div class=\"wpb_wrapper\">\n<div class=\"wpb_text_column wpb_content_element \">\n<div class=\"wpb_wrapper\">\n<ul>\n<li>Gew\u00e4hrleistung der Einhaltung s\u00e4mtlicher internationalen und nationalen Gesetze, Vorschriften und Standards, die vom Arbeitschutzamt festgelegt werden.<\/li>\n<li>Alle Mitarbeiter sollten regelm\u00e4\u00dfig geschult und sensibilisiert werden, um ihre Gesundheit und Sicherheit zu gew\u00e4hrleisten.<\/li>\n<li>Schaffung einer Arbeitsplatzkultur, die Gesundheit und Sicherheit in unserer Organisation f\u00f6rdert und als Lebensweise etabliert.<\/li>\n<li>Bewertung potenzieller Gesundheits- und Sicherheitsrisiken am Arbeitsplatz und Erforschung von Methoden zu ihrer Minderung.<\/li>\n<li>Ermittlung und Behebung potenzieller Ursachen f\u00fcr Arbeitsunf\u00e4lle und Berufskrankheiten in unserem Unternehmen.<\/li>\n<li>Um sicherzustellen, dass die Arbeitssicherheitsvorschriften eingehalten werden, m\u00fcssen sich alle Mitarbeiter, Lieferanten und Besucher an diese Vorschriften halten.<\/li>\n<li>Regelm\u00e4\u00dfige Bewertung der Effektivit\u00e4t des Arbeitsschutzmanagementsystems und kontinuierliche Verbesserung seiner Leistung.<\/li>\n<li>Um Schritt zu halten mit den Fortschritten in der Technologie f\u00fcr Arbeitsschutz und um unsere internen Anwendungsbem\u00fchungen zu verst\u00e4rken.<\/li>\n<li>Unser Ziel ist es, durch das Treffen von geeigneten Vorkehrungen und die Verbesserung der Koh\u00e4renz der Sicherheitsma\u00dfnahmen im gesamten Unternehmen, Null arbeitsbedingte Unf\u00e4lle und Berufskrankheiten zu erreichen.<\/li>\n<li>Sichern Sie die Einbeziehung unserer Mitarbeiter und Lieferanten in alle unsere Verfahren, um sicherzustellen, dass alle Beteiligten in die Gesch\u00e4ftsabl\u00e4ufe einbezogen werden.<\/li>\n<\/ul>\n<\/div>\n<\/div>\n<\/div>\n<\/div>\n<\/div>\n<\/div>\n<\/div>\n<\/div>\n<\/section>\n<\/div>\n<\/div>\n<footer class=\"page_footer\" role=\"contentinfo\">\n<div class=\"cz_middle_footer\">\n<div class=\"row clr\"> <\/div>\n<\/div>\n<\/footer>\n\t\t\t\t\t\t<\/div>\n\t\t\t\t<\/div>\n\t\t\t\t\t<\/div>\n\t\t<\/div>\n\t\t\t\t\t\t\t<\/div>\n\t\t<\/section>\n\t\t\t\t\t<\/div>\n\t\t<\/div>\n\t\t\t\t\t\t\t<\/div>\n\t\t<\/section>\n\t\t\t\t\t\t\t<\/div>\n\t\t","protected":false},"excerpt":{"rendered":"<p>Unternehmen Politik f\u00fcr Gesundheit und Sicherheit am Arbeitsplatz (OHS) Die Einhaltung s\u00e4mtlicher nationaler und internationaler Gesetze, Vorschriften und Normen hinsichtlich Arbeitssicherheit und Gesundheitsschutz am Arbeitsplatz ist unerl\u00e4sslich. Gew\u00e4hrleistung der Einhaltung s\u00e4mtlicher internationalen und nationalen Gesetze, Vorschriften und Standards, die vom Arbeitschutzamt festgelegt werden. Alle Mitarbeiter sollten regelm\u00e4\u00dfig geschult und sensibilisiert werden, um ihre Gesundheit und [&hellip;]<\/p>\n","protected":false},"author":1,"featured_media":0,"parent":0,"menu_order":0,"comment_status":"closed","ping_status":"closed","template":"","meta":{"footnotes":""},"yoast_head":"<!-- This site is optimized with the Yoast SEO plugin v21.5 - https:\/\/yoast.com\/wordpress\/plugins\/seo\/ -->\n<title>Politik f\u00fcr Gesundheit und Sicherheit am Arbeitsplatz (OHS) | Apak Service<\/title>\n<meta name=\"robots\" content=\"index, follow, max-snippet:-1, max-image-preview:large, max-video-preview:-1\" \/>\n<link rel=\"canonical\" href=\"https:\/\/service.apak-group.com\/de\/politik-fuer-gesundheit-und-sicherheit-am-arbeitsplatz-ohs\/\" \/>\n<meta property=\"og:locale\" content=\"de_DE\" \/>\n<meta property=\"og:type\" content=\"article\" \/>\n<meta property=\"og:title\" content=\"Politik f\u00fcr Gesundheit und Sicherheit am Arbeitsplatz (OHS) | Apak Service\" \/>\n<meta property=\"og:description\" content=\"Unternehmen Politik f\u00fcr Gesundheit und Sicherheit am Arbeitsplatz (OHS) Die Einhaltung s\u00e4mtlicher nationaler und internationaler Gesetze, Vorschriften und Normen hinsichtlich Arbeitssicherheit und Gesundheitsschutz am Arbeitsplatz ist unerl\u00e4sslich. Gew\u00e4hrleistung der Einhaltung s\u00e4mtlicher internationalen und nationalen Gesetze, Vorschriften und Standards, die vom Arbeitschutzamt festgelegt werden. Alle Mitarbeiter sollten regelm\u00e4\u00dfig geschult und sensibilisiert werden, um ihre Gesundheit und [&hellip;]\" \/>\n<meta property=\"og:url\" content=\"https:\/\/service.apak-group.com\/de\/politik-fuer-gesundheit-und-sicherheit-am-arbeitsplatz-ohs\/\" \/>\n<meta property=\"og:site_name\" content=\"Apak Service\" \/>\n<meta property=\"article:modified_time\" content=\"2023-10-28T18:07:13+00:00\" \/>\n<meta name=\"twitter:card\" content=\"summary_large_image\" \/>\n<meta name=\"twitter:label1\" content=\"Gesch\u00e4tzte Lesezeit\" \/>\n\t<meta name=\"twitter:data1\" content=\"1\u00a0Minute\" \/>\n<script type=\"application\/ld+json\" class=\"yoast-schema-graph\">{\"@context\":\"https:\/\/schema.org\",\"@graph\":[{\"@type\":\"WebPage\",\"@id\":\"https:\/\/service.apak-group.com\/de\/politik-fuer-gesundheit-und-sicherheit-am-arbeitsplatz-ohs\/\",\"url\":\"https:\/\/service.apak-group.com\/de\/politik-fuer-gesundheit-und-sicherheit-am-arbeitsplatz-ohs\/\",\"name\":\"Politik f\u00fcr Gesundheit und Sicherheit am Arbeitsplatz (OHS) | Apak Service\",\"isPartOf\":{\"@id\":\"https:\/\/service.apak-group.com\/#website\"},\"datePublished\":\"2022-09-04T18:50:19+00:00\",\"dateModified\":\"2023-10-28T18:07:13+00:00\",\"breadcrumb\":{\"@id\":\"https:\/\/service.apak-group.com\/de\/politik-fuer-gesundheit-und-sicherheit-am-arbeitsplatz-ohs\/#breadcrumb\"},\"inLanguage\":\"de\",\"potentialAction\":[{\"@type\":\"ReadAction\",\"target\":[\"https:\/\/service.apak-group.com\/de\/politik-fuer-gesundheit-und-sicherheit-am-arbeitsplatz-ohs\/\"]}]},{\"@type\":\"BreadcrumbList\",\"@id\":\"https:\/\/service.apak-group.com\/de\/politik-fuer-gesundheit-und-sicherheit-am-arbeitsplatz-ohs\/#breadcrumb\",\"itemListElement\":[{\"@type\":\"ListItem\",\"position\":1,\"name\":\"Home\",\"item\":\"https:\/\/service.apak-group.com\/de\/homepage\/\"},{\"@type\":\"ListItem\",\"position\":2,\"name\":\"Politik f\u00fcr Gesundheit und Sicherheit am Arbeitsplatz (OHS)\"}]},{\"@type\":\"WebSite\",\"@id\":\"https:\/\/service.apak-group.com\/#website\",\"url\":\"https:\/\/service.apak-group.com\/\",\"name\":\"APAK GmbH\",\"description\":\"Repair and Spare Parts Services for Welding and Cutting Machines\",\"publisher\":{\"@id\":\"https:\/\/service.apak-group.com\/#organization\"},\"potentialAction\":[{\"@type\":\"SearchAction\",\"target\":{\"@type\":\"EntryPoint\",\"urlTemplate\":\"https:\/\/service.apak-group.com\/?s={search_term_string}\"},\"query-input\":\"required name=search_term_string\"}],\"inLanguage\":\"de\"},{\"@type\":\"Organization\",\"@id\":\"https:\/\/service.apak-group.com\/#organization\",\"name\":\"Apak GmbH\",\"url\":\"https:\/\/service.apak-group.com\/\",\"logo\":{\"@type\":\"ImageObject\",\"inLanguage\":\"de\",\"@id\":\"https:\/\/service.apak-group.com\/#\/schema\/logo\/image\/\",\"url\":\"https:\/\/service.apak-group.com\/wp-content\/uploads\/2022\/09\/apak-group-logo-web.png\",\"contentUrl\":\"https:\/\/service.apak-group.com\/wp-content\/uploads\/2022\/09\/apak-group-logo-web.png\",\"width\":400,\"height\":125,\"caption\":\"Apak GmbH\"},\"image\":{\"@id\":\"https:\/\/service.apak-group.com\/#\/schema\/logo\/image\/\"}}]}<\/script>\n<!-- \/ Yoast SEO plugin. -->","yoast_head_json":{"title":"Politik f\u00fcr Gesundheit und Sicherheit am Arbeitsplatz (OHS) | Apak Service","robots":{"index":"index","follow":"follow","max-snippet":"max-snippet:-1","max-image-preview":"max-image-preview:large","max-video-preview":"max-video-preview:-1"},"canonical":"https:\/\/service.apak-group.com\/de\/politik-fuer-gesundheit-und-sicherheit-am-arbeitsplatz-ohs\/","og_locale":"de_DE","og_type":"article","og_title":"Politik f\u00fcr Gesundheit und Sicherheit am Arbeitsplatz (OHS) | Apak Service","og_description":"Unternehmen Politik f\u00fcr Gesundheit und Sicherheit am Arbeitsplatz (OHS) Die Einhaltung s\u00e4mtlicher nationaler und internationaler Gesetze, Vorschriften und Normen hinsichtlich Arbeitssicherheit und Gesundheitsschutz am Arbeitsplatz ist unerl\u00e4sslich. Gew\u00e4hrleistung der Einhaltung s\u00e4mtlicher internationalen und nationalen Gesetze, Vorschriften und Standards, die vom Arbeitschutzamt festgelegt werden. Alle Mitarbeiter sollten regelm\u00e4\u00dfig geschult und sensibilisiert werden, um ihre Gesundheit und [&hellip;]","og_url":"https:\/\/service.apak-group.com\/de\/politik-fuer-gesundheit-und-sicherheit-am-arbeitsplatz-ohs\/","og_site_name":"Apak Service","article_modified_time":"2023-10-28T18:07:13+00:00","twitter_card":"summary_large_image","twitter_misc":{"Gesch\u00e4tzte Lesezeit":"1\u00a0Minute"},"schema":{"@context":"https:\/\/schema.org","@graph":[{"@type":"WebPage","@id":"https:\/\/service.apak-group.com\/de\/politik-fuer-gesundheit-und-sicherheit-am-arbeitsplatz-ohs\/","url":"https:\/\/service.apak-group.com\/de\/politik-fuer-gesundheit-und-sicherheit-am-arbeitsplatz-ohs\/","name":"Politik f\u00fcr Gesundheit und Sicherheit am Arbeitsplatz (OHS) | Apak Service","isPartOf":{"@id":"https:\/\/service.apak-group.com\/#website"},"datePublished":"2022-09-04T18:50:19+00:00","dateModified":"2023-10-28T18:07:13+00:00","breadcrumb":{"@id":"https:\/\/service.apak-group.com\/de\/politik-fuer-gesundheit-und-sicherheit-am-arbeitsplatz-ohs\/#breadcrumb"},"inLanguage":"de","potentialAction":[{"@type":"ReadAction","target":["https:\/\/service.apak-group.com\/de\/politik-fuer-gesundheit-und-sicherheit-am-arbeitsplatz-ohs\/"]}]},{"@type":"BreadcrumbList","@id":"https:\/\/service.apak-group.com\/de\/politik-fuer-gesundheit-und-sicherheit-am-arbeitsplatz-ohs\/#breadcrumb","itemListElement":[{"@type":"ListItem","position":1,"name":"Home","item":"https:\/\/service.apak-group.com\/de\/homepage\/"},{"@type":"ListItem","position":2,"name":"Politik f\u00fcr Gesundheit und Sicherheit am Arbeitsplatz (OHS)"}]},{"@type":"WebSite","@id":"https:\/\/service.apak-group.com\/#website","url":"https:\/\/service.apak-group.com\/","name":"APAK GmbH","description":"Repair and Spare Parts Services for Welding and Cutting Machines","publisher":{"@id":"https:\/\/service.apak-group.com\/#organization"},"potentialAction":[{"@type":"SearchAction","target":{"@type":"EntryPoint","urlTemplate":"https:\/\/service.apak-group.com\/?s={search_term_string}"},"query-input":"required name=search_term_string"}],"inLanguage":"de"},{"@type":"Organization","@id":"https:\/\/service.apak-group.com\/#organization","name":"Apak GmbH","url":"https:\/\/service.apak-group.com\/","logo":{"@type":"ImageObject","inLanguage":"de","@id":"https:\/\/service.apak-group.com\/#\/schema\/logo\/image\/","url":"https:\/\/service.apak-group.com\/wp-content\/uploads\/2022\/09\/apak-group-logo-web.png","contentUrl":"https:\/\/service.apak-group.com\/wp-content\/uploads\/2022\/09\/apak-group-logo-web.png","width":400,"height":125,"caption":"Apak GmbH"},"image":{"@id":"https:\/\/service.apak-group.com\/#\/schema\/logo\/image\/"}}]}},"_links":{"self":[{"href":"https:\/\/service.apak-group.com\/de\/wp-json\/wp\/v2\/pages\/2139"}],"collection":[{"href":"https:\/\/service.apak-group.com\/de\/wp-json\/wp\/v2\/pages"}],"about":[{"href":"https:\/\/service.apak-group.com\/de\/wp-json\/wp\/v2\/types\/page"}],"author":[{"embeddable":true,"href":"https:\/\/service.apak-group.com\/de\/wp-json\/wp\/v2\/users\/1"}],"replies":[{"embeddable":true,"href":"https:\/\/service.apak-group.com\/de\/wp-json\/wp\/v2\/comments?post=2139"}],"version-history":[{"count":1,"href":"https:\/\/service.apak-group.com\/de\/wp-json\/wp\/v2\/pages\/2139\/revisions"}],"predecessor-version":[{"id":2140,"href":"https:\/\/service.apak-group.com\/de\/wp-json\/wp\/v2\/pages\/2139\/revisions\/2140"}],"wp:attachment":[{"href":"https:\/\/service.apak-group.com\/de\/wp-json\/wp\/v2\/media?parent=2139"}],"curies":[{"name":"wp","href":"https:\/\/api.w.org\/{rel}","templated":true}]}}