{"id":2069,"date":"2019-11-13T09:18:25","date_gmt":"2019-11-13T09:18:25","guid":{"rendered":"https:\/\/service.apak-group.com\/unternehmen\/"},"modified":"2023-10-28T13:56:06","modified_gmt":"2023-10-28T13:56:06","slug":"unternehmen","status":"publish","type":"page","link":"https:\/\/service.apak-group.com\/de\/unternehmen\/","title":{"rendered":"Unternehmen"},"content":{"rendered":"\t\t<div data-elementor-type=\"wp-page\" data-elementor-id=\"2069\" class=\"elementor elementor-2069 elementor-8\" data-elementor-post-type=\"page\">\n\t\t\t\t\t\t\t\t\t<section class=\"elementor-section elementor-top-section elementor-element elementor-element-09c5870 elementor-section-full_width elementor-section-stretched elementor-section-height-default elementor-section-height-default\" data-id=\"09c5870\" data-element_type=\"section\" data-settings=\"{&quot;stretch_section&quot;:&quot;section-stretched&quot;,&quot;background_background&quot;:&quot;classic&quot;}\">\n\t\t\t\t\t\t<div class=\"elementor-container elementor-column-gap-wider\">\n\t\t\t\t\t<div class=\"elementor-column elementor-col-100 elementor-top-column elementor-element elementor-element-c14983a\" data-id=\"c14983a\" data-element_type=\"column\" data-settings=\"{&quot;background_background&quot;:&quot;classic&quot;}\" data-e-bg-lazyload=\".elementor-element-populated\">\n\t\t\t<div class=\"elementor-widget-wrap elementor-element-populated\">\n\t\t\t\t\t\t\t\t<section class=\"elementor-section elementor-inner-section elementor-element elementor-element-67a2c75 elementor-section-boxed elementor-section-height-default elementor-section-height-default\" data-id=\"67a2c75\" data-element_type=\"section\">\n\t\t\t\t\t\t<div class=\"elementor-container elementor-column-gap-default\">\n\t\t\t\t\t<div class=\"elementor-column elementor-col-100 elementor-inner-column elementor-element elementor-element-5c1213f\" data-id=\"5c1213f\" data-element_type=\"column\">\n\t\t\t<div class=\"elementor-widget-wrap elementor-element-populated\">\n\t\t\t\t\t\t\t\t<div class=\"elementor-element elementor-element-da7031c elementor-widget elementor-widget-heading\" data-id=\"da7031c\" data-element_type=\"widget\" data-widget_type=\"heading.default\">\n\t\t\t\t<div class=\"elementor-widget-container\">\n\t\t\t<style>\/*! elementor - v3.17.0 - 01-11-2023 *\/\n.elementor-heading-title{padding:0;margin:0;line-height:1}.elementor-widget-heading .elementor-heading-title[class*=elementor-size-]>a{color:inherit;font-size:inherit;line-height:inherit}.elementor-widget-heading .elementor-heading-title.elementor-size-small{font-size:15px}.elementor-widget-heading .elementor-heading-title.elementor-size-medium{font-size:19px}.elementor-widget-heading .elementor-heading-title.elementor-size-large{font-size:29px}.elementor-widget-heading .elementor-heading-title.elementor-size-xl{font-size:39px}.elementor-widget-heading .elementor-heading-title.elementor-size-xxl{font-size:59px}<\/style><h5 class=\"elementor-heading-title elementor-size-default\">Unternehmen<\/h5>\t\t<\/div>\n\t\t\t\t<\/div>\n\t\t\t\t<div class=\"elementor-element elementor-element-5d1dd7b elementor-widget elementor-widget-heading\" data-id=\"5d1dd7b\" data-element_type=\"widget\" data-widget_type=\"heading.default\">\n\t\t\t\t<div class=\"elementor-widget-container\">\n\t\t\t<h2 class=\"elementor-heading-title elementor-size-default\">\u00dcBER UNS\n<\/h2>\t\t<\/div>\n\t\t\t\t<\/div>\n\t\t\t\t\t<\/div>\n\t\t<\/div>\n\t\t\t\t\t\t\t<\/div>\n\t\t<\/section>\n\t\t\t\t\t<\/div>\n\t\t<\/div>\n\t\t\t\t\t\t\t<\/div>\n\t\t<\/section>\n\t\t\t\t<section class=\"elementor-section elementor-top-section elementor-element elementor-element-44a7fb8 elementor-section-stretched elementor-section-boxed elementor-section-height-default elementor-section-height-default\" data-id=\"44a7fb8\" data-element_type=\"section\" data-settings=\"{&quot;stretch_section&quot;:&quot;section-stretched&quot;}\">\n\t\t\t\t\t\t<div class=\"elementor-container elementor-column-gap-wider\">\n\t\t\t\t\t<div class=\"elementor-column elementor-col-100 elementor-top-column elementor-element elementor-element-8c8e95f\" data-id=\"8c8e95f\" data-element_type=\"column\">\n\t\t\t<div class=\"elementor-widget-wrap elementor-element-populated\">\n\t\t\t\t\t\t\t\t<section class=\"elementor-section elementor-inner-section elementor-element elementor-element-5adc572 elementor-section-boxed elementor-section-height-default elementor-section-height-default\" data-id=\"5adc572\" data-element_type=\"section\">\n\t\t\t\t\t\t<div class=\"elementor-container elementor-column-gap-wider\">\n\t\t\t\t\t<div class=\"elementor-column elementor-col-50 elementor-inner-column elementor-element elementor-element-77f0854\" data-id=\"77f0854\" data-element_type=\"column\">\n\t\t\t<div class=\"elementor-widget-wrap elementor-element-populated\">\n\t\t\t\t\t\t\t\t<div class=\"elementor-element elementor-element-4e535ec elementor-widget elementor-widget-image\" data-id=\"4e535ec\" data-element_type=\"widget\" data-widget_type=\"image.default\">\n\t\t\t\t<div class=\"elementor-widget-container\">\n\t\t\t<style>\/*! elementor - v3.17.0 - 01-11-2023 *\/\n.elementor-widget-image{text-align:center}.elementor-widget-image a{display:inline-block}.elementor-widget-image a img[src$=\".svg\"]{width:48px}.elementor-widget-image img{vertical-align:middle;display:inline-block}<\/style>\t\t\t\t\t\t\t\t\t\t\t\t<img decoding=\"async\" loading=\"lazy\" width=\"800\" height=\"936\" src=\"https:\/\/service.apak-group.com\/wp-content\/uploads\/2022\/09\/services-3-875x1024.png\" class=\"attachment-large size-large wp-image-93\" alt=\"\" srcset=\"https:\/\/service.apak-group.com\/wp-content\/uploads\/2022\/09\/services-3-875x1024.png 875w, https:\/\/service.apak-group.com\/wp-content\/uploads\/2022\/09\/services-3-256x300.png 256w, https:\/\/service.apak-group.com\/wp-content\/uploads\/2022\/09\/services-3-768x899.png 768w, https:\/\/service.apak-group.com\/wp-content\/uploads\/2022\/09\/services-3-125x146.png 125w, https:\/\/service.apak-group.com\/wp-content\/uploads\/2022\/09\/services-3-43x50.png 43w, https:\/\/service.apak-group.com\/wp-content\/uploads\/2022\/09\/services-3-64x75.png 64w, https:\/\/service.apak-group.com\/wp-content\/uploads\/2022\/09\/services-3.png 936w\" sizes=\"(max-width: 800px) 100vw, 800px\" \/>\t\t\t\t\t\t\t\t\t\t\t\t\t\t\t<\/div>\n\t\t\t\t<\/div>\n\t\t\t\t\t<\/div>\n\t\t<\/div>\n\t\t\t\t<div class=\"elementor-column elementor-col-50 elementor-inner-column elementor-element elementor-element-c804cbe\" data-id=\"c804cbe\" data-element_type=\"column\">\n\t\t\t<div class=\"elementor-widget-wrap elementor-element-populated\">\n\t\t\t\t\t\t\t\t<div class=\"elementor-element elementor-element-8c8933d elementor-widget elementor-widget-text-editor\" data-id=\"8c8933d\" data-element_type=\"widget\" data-widget_type=\"text-editor.default\">\n\t\t\t\t<div class=\"elementor-widget-container\">\n\t\t\t<style>\/*! elementor - v3.17.0 - 01-11-2023 *\/\n.elementor-widget-text-editor.elementor-drop-cap-view-stacked .elementor-drop-cap{background-color:#69727d;color:#fff}.elementor-widget-text-editor.elementor-drop-cap-view-framed .elementor-drop-cap{color:#69727d;border:3px solid;background-color:transparent}.elementor-widget-text-editor:not(.elementor-drop-cap-view-default) .elementor-drop-cap{margin-top:8px}.elementor-widget-text-editor:not(.elementor-drop-cap-view-default) .elementor-drop-cap-letter{width:1em;height:1em}.elementor-widget-text-editor .elementor-drop-cap{float:left;text-align:center;line-height:1;font-size:50px}.elementor-widget-text-editor .elementor-drop-cap-letter{display:inline-block}<\/style>\t\t\t\t<p> Seit 1972 bietet die <strong>Apak-Gruppe<\/strong> Entw\u00fcrfe f\u00fcr <strong>Automatisierungssysteme, Ersatzteile<\/strong> und <strong>Reparaturdienste an<\/strong>, einschlie\u00dflich Maschinensysteme anderer Hersteller, <strong>intelligente Beleuchtungs-<\/strong> und <strong>Stromversorgungs<\/strong> Produkte sowie Maschinenteile, die von Unternehmen mit unterschiedlichen Preis- und Qualit\u00e4tsoptionen ben\u00f6tigt werden, mit langj\u00e4hriger Erfahrung auf dem globalen Markt.<\/p>\n<p>Das Unternehmen ist stolz darauf, den Stahlbau, die Blechherstellung und die Metallverarbeitung mit den innovativsten Ger\u00e4ten zu bedienen. Wir arbeiten an kontinuierlichem Fortschritt und Entwicklung mit Technologien, die einfach zu bedienen, nachhaltig und auf die jeweiligen Anforderungen der Stahlindustrie zugeschnitten sind, wo Standardmaschinen f\u00fcr <strong>Schwei\u00df-, Warmumformungs-, Biege-<\/strong> und<strong>Schneidprozesse den Anforderungen<\/strong> nicht gen\u00fcgen.<\/p>\n<p>Die <strong>Apak-Gruppe<\/strong> hat sich dem technischen Fachwissen \u00fcber Maschinenproduktivit\u00e4t, Effizienz und Innovation verschrieben.<\/p>\n\t\t\t\t\t\t<\/div>\n\t\t\t\t<\/div>\n\t\t\t\t<div class=\"elementor-element elementor-element-cfe8d75 elementor-mobile-align-center elementor-widget elementor-widget-button\" data-id=\"cfe8d75\" data-element_type=\"widget\" data-widget_type=\"button.default\">\n\t\t\t\t<div class=\"elementor-widget-container\">\n\t\t\t\t\t<div class=\"elementor-button-wrapper\">\n\t\t\t<a class=\"elementor-button elementor-button-link elementor-size-sm\" href=\"https:\/\/www.apak-group.com\/repair\/contact-us\/\">\n\t\t\t\t\t\t<span class=\"elementor-button-content-wrapper\">\n\t\t\t\t\t\t<span class=\"elementor-button-text\">KONTAKT US<\/span>\n\t\t<\/span>\n\t\t\t\t\t<\/a>\n\t\t<\/div>\n\t\t\t\t<\/div>\n\t\t\t\t<\/div>\n\t\t\t\t\t<\/div>\n\t\t<\/div>\n\t\t\t\t\t\t\t<\/div>\n\t\t<\/section>\n\t\t\t\t\t<\/div>\n\t\t<\/div>\n\t\t\t\t\t\t\t<\/div>\n\t\t<\/section>\n\t\t\t\t<section class=\"elementor-section elementor-top-section elementor-element elementor-element-ec1d322 elementor-section-stretched elementor-section-boxed elementor-section-height-default elementor-section-height-default\" data-id=\"ec1d322\" data-element_type=\"section\" data-settings=\"{&quot;stretch_section&quot;:&quot;section-stretched&quot;}\">\n\t\t\t\t\t\t<div class=\"elementor-container elementor-column-gap-wider\">\n\t\t\t\t\t<div class=\"elementor-column elementor-col-100 elementor-top-column elementor-element elementor-element-3b313f1\" data-id=\"3b313f1\" data-element_type=\"column\">\n\t\t\t<div class=\"elementor-widget-wrap elementor-element-populated\">\n\t\t\t\t\t\t\t\t<section class=\"elementor-section elementor-inner-section elementor-element elementor-element-7ebbd75 elementor-section-boxed elementor-section-height-default elementor-section-height-default\" data-id=\"7ebbd75\" data-element_type=\"section\">\n\t\t\t\t\t\t<div class=\"elementor-container elementor-column-gap-wider\">\n\t\t\t\t\t<div class=\"elementor-column elementor-col-50 elementor-inner-column elementor-element elementor-element-9d9a6ae\" data-id=\"9d9a6ae\" data-element_type=\"column\">\n\t\t\t<div class=\"elementor-widget-wrap elementor-element-populated\">\n\t\t\t\t\t\t\t\t<div class=\"elementor-element elementor-element-fdf9ee9 elementor-widget elementor-widget-text-editor\" data-id=\"fdf9ee9\" data-element_type=\"widget\" data-widget_type=\"text-editor.default\">\n\t\t\t\t<div class=\"elementor-widget-container\">\n\t\t\t\t\t\t\t<h2><strong>Wir bieten Service f\u00fcr alle Arten von Schwei\u00dfmaschinen.<\/strong><\/h2>\n\t\t\t\t\t\t<\/div>\n\t\t\t\t<\/div>\n\t\t\t\t<div class=\"elementor-element elementor-element-a68e258 elementor-widget elementor-widget-text-editor\" data-id=\"a68e258\" data-element_type=\"widget\" data-widget_type=\"text-editor.default\">\n\t\t\t\t<div class=\"elementor-widget-container\">\n\t\t\t\t\t\t\t<p>Wir bieten <strong>Ersatzteile<\/strong> und <strong>Reparaturen<\/strong> f\u00fcr alle <strong>MIG\/MAG-, WIG-, MMA-, Plasma-<\/strong> und <strong>Automatikschwei\u00dfanlagen,<\/strong> auch f\u00fcr Anlagen anderer Hersteller.<\/p>\n\t\t\t\t\t\t<\/div>\n\t\t\t\t<\/div>\n\t\t\t\t<div class=\"elementor-element elementor-element-3711149 elementor-icon-list--layout-traditional elementor-list-item-link-full_width elementor-widget elementor-widget-icon-list\" data-id=\"3711149\" data-element_type=\"widget\" data-widget_type=\"icon-list.default\">\n\t\t\t\t<div class=\"elementor-widget-container\">\n\t\t\t<link rel=\"stylesheet\" href=\"https:\/\/service.apak-group.com\/wp-content\/plugins\/elementor\/assets\/css\/widget-icon-list.min.css\">\t\t<ul class=\"elementor-icon-list-items\">\n\t\t\t\t\t\t\t<li class=\"elementor-icon-list-item\">\n\t\t\t\t\t\t\t\t\t\t\t<span class=\"elementor-icon-list-icon\">\n\t\t\t\t\t\t\t<svg aria-hidden=\"true\" class=\"e-font-icon-svg e-fas-check\" viewBox=\"0 0 512 512\" xmlns=\"http:\/\/www.w3.org\/2000\/svg\"><path d=\"M173.898 439.404l-166.4-166.4c-9.997-9.997-9.997-26.206 0-36.204l36.203-36.204c9.997-9.998 26.207-9.998 36.204 0L192 312.69 432.095 72.596c9.997-9.997 26.207-9.997 36.204 0l36.203 36.204c9.997 9.997 9.997 26.206 0 36.204l-294.4 294.401c-9.998 9.997-26.207 9.997-36.204-.001z\"><\/path><\/svg>\t\t\t\t\t\t<\/span>\n\t\t\t\t\t\t\t\t\t\t<span class=\"elementor-icon-list-text\">Hochwertige Ersatzteile<\/span>\n\t\t\t\t\t\t\t\t\t<\/li>\n\t\t\t\t\t\t\t\t<li class=\"elementor-icon-list-item\">\n\t\t\t\t\t\t\t\t\t\t\t<span class=\"elementor-icon-list-icon\">\n\t\t\t\t\t\t\t<svg aria-hidden=\"true\" class=\"e-font-icon-svg e-fas-check\" viewBox=\"0 0 512 512\" xmlns=\"http:\/\/www.w3.org\/2000\/svg\"><path d=\"M173.898 439.404l-166.4-166.4c-9.997-9.997-9.997-26.206 0-36.204l36.203-36.204c9.997-9.998 26.207-9.998 36.204 0L192 312.69 432.095 72.596c9.997-9.997 26.207-9.997 36.204 0l36.203 36.204c9.997 9.997 9.997 26.206 0 36.204l-294.4 294.401c-9.998 9.997-26.207 9.997-36.204-.001z\"><\/path><\/svg>\t\t\t\t\t\t<\/span>\n\t\t\t\t\t\t\t\t\t\t<span class=\"elementor-icon-list-text\">Schnelle Lieferung<\/span>\n\t\t\t\t\t\t\t\t\t<\/li>\n\t\t\t\t\t\t\t\t<li class=\"elementor-icon-list-item\">\n\t\t\t\t\t\t\t\t\t\t\t<span class=\"elementor-icon-list-icon\">\n\t\t\t\t\t\t\t<svg aria-hidden=\"true\" class=\"e-font-icon-svg e-fas-check\" viewBox=\"0 0 512 512\" xmlns=\"http:\/\/www.w3.org\/2000\/svg\"><path d=\"M173.898 439.404l-166.4-166.4c-9.997-9.997-9.997-26.206 0-36.204l36.203-36.204c9.997-9.998 26.207-9.998 36.204 0L192 312.69 432.095 72.596c9.997-9.997 26.207-9.997 36.204 0l36.203 36.204c9.997 9.997 9.997 26.206 0 36.204l-294.4 294.401c-9.998 9.997-26.207 9.997-36.204-.001z\"><\/path><\/svg>\t\t\t\t\t\t<\/span>\n\t\t\t\t\t\t\t\t\t\t<span class=\"elementor-icon-list-text\">Zuverl\u00e4ssige Unterst\u00fctzung<\/span>\n\t\t\t\t\t\t\t\t\t<\/li>\n\t\t\t\t\t\t<\/ul>\n\t\t\t\t<\/div>\n\t\t\t\t<\/div>\n\t\t\t\t<div class=\"elementor-element elementor-element-a245f11 elementor-mobile-align-center elementor-widget elementor-widget-button\" data-id=\"a245f11\" data-element_type=\"widget\" data-widget_type=\"button.default\">\n\t\t\t\t<div class=\"elementor-widget-container\">\n\t\t\t\t\t<div class=\"elementor-button-wrapper\">\n\t\t\t<a class=\"elementor-button elementor-button-link elementor-size-sm\" href=\"https:\/\/www.apak-group.com\/repair\/contact\/\">\n\t\t\t\t\t\t<span class=\"elementor-button-content-wrapper\">\n\t\t\t\t\t\t<span class=\"elementor-button-text\">KONTAKT US<\/span>\n\t\t<\/span>\n\t\t\t\t\t<\/a>\n\t\t<\/div>\n\t\t\t\t<\/div>\n\t\t\t\t<\/div>\n\t\t\t\t\t<\/div>\n\t\t<\/div>\n\t\t\t\t<div class=\"elementor-column elementor-col-50 elementor-inner-column elementor-element elementor-element-c48b710\" data-id=\"c48b710\" data-element_type=\"column\">\n\t\t\t<div class=\"elementor-widget-wrap elementor-element-populated\">\n\t\t\t\t\t\t\t\t<div class=\"elementor-element elementor-element-2a79c12 elementor-widget elementor-widget-image\" data-id=\"2a79c12\" data-element_type=\"widget\" data-widget_type=\"image.default\">\n\t\t\t\t<div class=\"elementor-widget-container\">\n\t\t\t\t\t\t\t\t\t\t\t\t\t\t\t<img decoding=\"async\" loading=\"lazy\" width=\"800\" height=\"936\" src=\"https:\/\/service.apak-group.com\/wp-content\/uploads\/2022\/09\/services-2-875x1024.png\" class=\"attachment-large size-large wp-image-92\" alt=\"\" srcset=\"https:\/\/service.apak-group.com\/wp-content\/uploads\/2022\/09\/services-2-875x1024.png 875w, https:\/\/service.apak-group.com\/wp-content\/uploads\/2022\/09\/services-2-256x300.png 256w, https:\/\/service.apak-group.com\/wp-content\/uploads\/2022\/09\/services-2-768x899.png 768w, https:\/\/service.apak-group.com\/wp-content\/uploads\/2022\/09\/services-2-125x146.png 125w, https:\/\/service.apak-group.com\/wp-content\/uploads\/2022\/09\/services-2-43x50.png 43w, https:\/\/service.apak-group.com\/wp-content\/uploads\/2022\/09\/services-2-64x75.png 64w, https:\/\/service.apak-group.com\/wp-content\/uploads\/2022\/09\/services-2.png 936w\" sizes=\"(max-width: 800px) 100vw, 800px\" \/>\t\t\t\t\t\t\t\t\t\t\t\t\t\t\t<\/div>\n\t\t\t\t<\/div>\n\t\t\t\t\t<\/div>\n\t\t<\/div>\n\t\t\t\t\t\t\t<\/div>\n\t\t<\/section>\n\t\t\t\t\t<\/div>\n\t\t<\/div>\n\t\t\t\t\t\t\t<\/div>\n\t\t<\/section>\n\t\t\t\t\t\t\t<\/div>\n\t\t","protected":false},"excerpt":{"rendered":"<p>Unternehmen \u00dcBER UNS Seit 1972 bietet die Apak-Gruppe Entw\u00fcrfe f\u00fcr Automatisierungssysteme, Ersatzteile und Reparaturdienste an, einschlie\u00dflich Maschinensysteme anderer Hersteller, intelligente Beleuchtungs- und Stromversorgungs Produkte sowie Maschinenteile, die von Unternehmen mit unterschiedlichen Preis- und Qualit\u00e4tsoptionen ben\u00f6tigt werden, mit langj\u00e4hriger Erfahrung auf dem globalen Markt. Das Unternehmen ist stolz darauf, den Stahlbau, die Blechherstellung und die Metallverarbeitung [&hellip;]<\/p>\n","protected":false},"author":1,"featured_media":0,"parent":0,"menu_order":0,"comment_status":"closed","ping_status":"closed","template":"","meta":{"footnotes":""},"yoast_head":"<!-- This site is optimized with the Yoast SEO plugin v21.5 - https:\/\/yoast.com\/wordpress\/plugins\/seo\/ -->\n<title>Unternehmen | Apak Service<\/title>\n<meta name=\"robots\" content=\"index, follow, max-snippet:-1, max-image-preview:large, max-video-preview:-1\" \/>\n<link rel=\"canonical\" href=\"https:\/\/service.apak-group.com\/de\/unternehmen\/\" \/>\n<meta property=\"og:locale\" content=\"de_DE\" \/>\n<meta property=\"og:type\" content=\"article\" \/>\n<meta property=\"og:title\" content=\"Unternehmen | Apak Service\" \/>\n<meta property=\"og:description\" content=\"Unternehmen \u00dcBER UNS Seit 1972 bietet die Apak-Gruppe Entw\u00fcrfe f\u00fcr Automatisierungssysteme, Ersatzteile und Reparaturdienste an, einschlie\u00dflich Maschinensysteme anderer Hersteller, intelligente Beleuchtungs- und Stromversorgungs Produkte sowie Maschinenteile, die von Unternehmen mit unterschiedlichen Preis- und Qualit\u00e4tsoptionen ben\u00f6tigt werden, mit langj\u00e4hriger Erfahrung auf dem globalen Markt. Das Unternehmen ist stolz darauf, den Stahlbau, die Blechherstellung und die Metallverarbeitung [&hellip;]\" \/>\n<meta property=\"og:url\" content=\"https:\/\/service.apak-group.com\/de\/unternehmen\/\" \/>\n<meta property=\"og:site_name\" content=\"Apak Service\" \/>\n<meta property=\"article:modified_time\" content=\"2023-10-28T13:56:06+00:00\" \/>\n<meta property=\"og:image\" content=\"https:\/\/service.apak-group.com\/wp-content\/uploads\/2022\/09\/services-3-875x1024.png\" \/>\n<meta name=\"twitter:card\" content=\"summary_large_image\" \/>\n<meta name=\"twitter:label1\" content=\"Gesch\u00e4tzte Lesezeit\" \/>\n\t<meta name=\"twitter:data1\" content=\"1\u00a0Minute\" \/>\n<script type=\"application\/ld+json\" class=\"yoast-schema-graph\">{\"@context\":\"https:\/\/schema.org\",\"@graph\":[{\"@type\":\"WebPage\",\"@id\":\"https:\/\/service.apak-group.com\/de\/unternehmen\/\",\"url\":\"https:\/\/service.apak-group.com\/de\/unternehmen\/\",\"name\":\"Unternehmen | Apak Service\",\"isPartOf\":{\"@id\":\"https:\/\/service.apak-group.com\/#website\"},\"datePublished\":\"2019-11-13T09:18:25+00:00\",\"dateModified\":\"2023-10-28T13:56:06+00:00\",\"breadcrumb\":{\"@id\":\"https:\/\/service.apak-group.com\/de\/unternehmen\/#breadcrumb\"},\"inLanguage\":\"de\",\"potentialAction\":[{\"@type\":\"ReadAction\",\"target\":[\"https:\/\/service.apak-group.com\/de\/unternehmen\/\"]}]},{\"@type\":\"BreadcrumbList\",\"@id\":\"https:\/\/service.apak-group.com\/de\/unternehmen\/#breadcrumb\",\"itemListElement\":[{\"@type\":\"ListItem\",\"position\":1,\"name\":\"Home\",\"item\":\"https:\/\/service.apak-group.com\/de\/homepage\/\"},{\"@type\":\"ListItem\",\"position\":2,\"name\":\"Unternehmen\"}]},{\"@type\":\"WebSite\",\"@id\":\"https:\/\/service.apak-group.com\/#website\",\"url\":\"https:\/\/service.apak-group.com\/\",\"name\":\"APAK GmbH\",\"description\":\"Repair and Spare Parts Services for Welding and Cutting Machines\",\"publisher\":{\"@id\":\"https:\/\/service.apak-group.com\/#organization\"},\"potentialAction\":[{\"@type\":\"SearchAction\",\"target\":{\"@type\":\"EntryPoint\",\"urlTemplate\":\"https:\/\/service.apak-group.com\/?s={search_term_string}\"},\"query-input\":\"required name=search_term_string\"}],\"inLanguage\":\"de\"},{\"@type\":\"Organization\",\"@id\":\"https:\/\/service.apak-group.com\/#organization\",\"name\":\"Apak GmbH\",\"url\":\"https:\/\/service.apak-group.com\/\",\"logo\":{\"@type\":\"ImageObject\",\"inLanguage\":\"de\",\"@id\":\"https:\/\/service.apak-group.com\/#\/schema\/logo\/image\/\",\"url\":\"https:\/\/service.apak-group.com\/wp-content\/uploads\/2022\/09\/apak-group-logo-web.png\",\"contentUrl\":\"https:\/\/service.apak-group.com\/wp-content\/uploads\/2022\/09\/apak-group-logo-web.png\",\"width\":400,\"height\":125,\"caption\":\"Apak GmbH\"},\"image\":{\"@id\":\"https:\/\/service.apak-group.com\/#\/schema\/logo\/image\/\"}}]}<\/script>\n<!-- \/ Yoast SEO plugin. -->","yoast_head_json":{"title":"Unternehmen | Apak Service","robots":{"index":"index","follow":"follow","max-snippet":"max-snippet:-1","max-image-preview":"max-image-preview:large","max-video-preview":"max-video-preview:-1"},"canonical":"https:\/\/service.apak-group.com\/de\/unternehmen\/","og_locale":"de_DE","og_type":"article","og_title":"Unternehmen | Apak Service","og_description":"Unternehmen \u00dcBER UNS Seit 1972 bietet die Apak-Gruppe Entw\u00fcrfe f\u00fcr Automatisierungssysteme, Ersatzteile und Reparaturdienste an, einschlie\u00dflich Maschinensysteme anderer Hersteller, intelligente Beleuchtungs- und Stromversorgungs Produkte sowie Maschinenteile, die von Unternehmen mit unterschiedlichen Preis- und Qualit\u00e4tsoptionen ben\u00f6tigt werden, mit langj\u00e4hriger Erfahrung auf dem globalen Markt. Das Unternehmen ist stolz darauf, den Stahlbau, die Blechherstellung und die Metallverarbeitung [&hellip;]","og_url":"https:\/\/service.apak-group.com\/de\/unternehmen\/","og_site_name":"Apak Service","article_modified_time":"2023-10-28T13:56:06+00:00","og_image":[{"url":"https:\/\/service.apak-group.com\/wp-content\/uploads\/2022\/09\/services-3-875x1024.png"}],"twitter_card":"summary_large_image","twitter_misc":{"Gesch\u00e4tzte Lesezeit":"1\u00a0Minute"},"schema":{"@context":"https:\/\/schema.org","@graph":[{"@type":"WebPage","@id":"https:\/\/service.apak-group.com\/de\/unternehmen\/","url":"https:\/\/service.apak-group.com\/de\/unternehmen\/","name":"Unternehmen | Apak Service","isPartOf":{"@id":"https:\/\/service.apak-group.com\/#website"},"datePublished":"2019-11-13T09:18:25+00:00","dateModified":"2023-10-28T13:56:06+00:00","breadcrumb":{"@id":"https:\/\/service.apak-group.com\/de\/unternehmen\/#breadcrumb"},"inLanguage":"de","potentialAction":[{"@type":"ReadAction","target":["https:\/\/service.apak-group.com\/de\/unternehmen\/"]}]},{"@type":"BreadcrumbList","@id":"https:\/\/service.apak-group.com\/de\/unternehmen\/#breadcrumb","itemListElement":[{"@type":"ListItem","position":1,"name":"Home","item":"https:\/\/service.apak-group.com\/de\/homepage\/"},{"@type":"ListItem","position":2,"name":"Unternehmen"}]},{"@type":"WebSite","@id":"https:\/\/service.apak-group.com\/#website","url":"https:\/\/service.apak-group.com\/","name":"APAK GmbH","description":"Repair and Spare Parts Services for Welding and Cutting Machines","publisher":{"@id":"https:\/\/service.apak-group.com\/#organization"},"potentialAction":[{"@type":"SearchAction","target":{"@type":"EntryPoint","urlTemplate":"https:\/\/service.apak-group.com\/?s={search_term_string}"},"query-input":"required name=search_term_string"}],"inLanguage":"de"},{"@type":"Organization","@id":"https:\/\/service.apak-group.com\/#organization","name":"Apak GmbH","url":"https:\/\/service.apak-group.com\/","logo":{"@type":"ImageObject","inLanguage":"de","@id":"https:\/\/service.apak-group.com\/#\/schema\/logo\/image\/","url":"https:\/\/service.apak-group.com\/wp-content\/uploads\/2022\/09\/apak-group-logo-web.png","contentUrl":"https:\/\/service.apak-group.com\/wp-content\/uploads\/2022\/09\/apak-group-logo-web.png","width":400,"height":125,"caption":"Apak GmbH"},"image":{"@id":"https:\/\/service.apak-group.com\/#\/schema\/logo\/image\/"}}]}},"_links":{"self":[{"href":"https:\/\/service.apak-group.com\/de\/wp-json\/wp\/v2\/pages\/2069"}],"collection":[{"href":"https:\/\/service.apak-group.com\/de\/wp-json\/wp\/v2\/pages"}],"about":[{"href":"https:\/\/service.apak-group.com\/de\/wp-json\/wp\/v2\/types\/page"}],"author":[{"embeddable":true,"href":"https:\/\/service.apak-group.com\/de\/wp-json\/wp\/v2\/users\/1"}],"replies":[{"embeddable":true,"href":"https:\/\/service.apak-group.com\/de\/wp-json\/wp\/v2\/comments?post=2069"}],"version-history":[{"count":1,"href":"https:\/\/service.apak-group.com\/de\/wp-json\/wp\/v2\/pages\/2069\/revisions"}],"predecessor-version":[{"id":2070,"href":"https:\/\/service.apak-group.com\/de\/wp-json\/wp\/v2\/pages\/2069\/revisions\/2070"}],"wp:attachment":[{"href":"https:\/\/service.apak-group.com\/de\/wp-json\/wp\/v2\/media?parent=2069"}],"curies":[{"name":"wp","href":"https:\/\/api.w.org\/{rel}","templated":true}]}}